{"id":941,"date":"2018-03-27T13:58:52","date_gmt":"2018-03-27T18:58:52","guid":{"rendered":"https:\/\/asiksas.com\/?page_id=941"},"modified":"2025-07-03T20:30:42","modified_gmt":"2025-07-04T01:30:42","slug":"busqueda-certificados-dictamenes","status":"publish","type":"page","link":"https:\/\/asiksas.com\/en\/busqueda-certificados-dictamenes\/","title":{"rendered":"Busqueda dictamenes y certificados"},"content":{"rendered":"<style>.kb-row-layout-id941_26261f-ef > .kt-row-column-wrap{align-content:start;}:where(.kb-row-layout-id941_26261f-ef > .kt-row-column-wrap) > .wp-block-kadence-column{justify-content:start;}.kb-row-layout-id941_26261f-ef > .kt-row-column-wrap{column-gap:var(--global-kb-gap-md, 2rem);row-gap:var(--global-kb-gap-md, 2rem);max-width:var( --global-content-width, 1290px );padding-left:var(--global-content-edge-padding);padding-right:var(--global-content-edge-padding);padding-top:50px;padding-bottom:50px;grid-template-columns:minmax(0, 1fr);}.kb-row-layout-id941_26261f-ef{background-color:#e6e6e6;}.kb-row-layout-id941_26261f-ef > .kt-row-layout-overlay{opacity:0.30;}@media all and (max-width: 1024px){.kb-row-layout-id941_26261f-ef > .kt-row-column-wrap{grid-template-columns:minmax(0, 1fr);}}@media all and (max-width: 767px){.kb-row-layout-id941_26261f-ef > .kt-row-column-wrap{grid-template-columns:minmax(0, 1fr);}}<\/style><div class=\"kb-row-layout-wrap kb-row-layout-id941_26261f-ef alignfull kt-row-has-bg wp-block-kadence-rowlayout\"><div class=\"kt-row-column-wrap kt-has-1-columns kt-row-layout-equal kt-tab-layout-inherit kt-mobile-layout-row kt-row-valign-top kb-theme-content-width\">\n<style>.kadence-column941_71fc3c-89 > .kt-inside-inner-col,.kadence-column941_71fc3c-89 > .kt-inside-inner-col:before{border-top-left-radius:0px;border-top-right-radius:0px;border-bottom-right-radius:0px;border-bottom-left-radius:0px;}.kadence-column941_71fc3c-89 > .kt-inside-inner-col{column-gap:var(--global-kb-gap-sm, 1rem);}.kadence-column941_71fc3c-89 > .kt-inside-inner-col{flex-direction:column;}.kadence-column941_71fc3c-89 > .kt-inside-inner-col > .aligncenter{width:100%;}.kadence-column941_71fc3c-89 > .kt-inside-inner-col:before{opacity:0.3;}.kadence-column941_71fc3c-89{position:relative;}@media all and (max-width: 1024px){.kadence-column941_71fc3c-89 > .kt-inside-inner-col{flex-direction:column;justify-content:center;}}@media all and (max-width: 767px){.kadence-column941_71fc3c-89 > .kt-inside-inner-col{flex-direction:column;justify-content:center;}}<\/style>\n<div class=\"wp-block-kadence-column kadence-column941_71fc3c-89 inner-column-1\"><div class=\"kt-inside-inner-col\"><style>.wp-block-kadence-advancedheading.kt-adv-heading941_49d893-45, .wp-block-kadence-advancedheading.kt-adv-heading941_49d893-45[data-kb-block=\"kb-adv-heading941_49d893-45\"]{text-align:center;font-size:1.8rem;font-style:normal;}.wp-block-kadence-advancedheading.kt-adv-heading941_49d893-45 mark.kt-highlight, .wp-block-kadence-advancedheading.kt-adv-heading941_49d893-45[data-kb-block=\"kb-adv-heading941_49d893-45\"] mark.kt-highlight{font-style:normal;color:#f76a0c;-webkit-box-decoration-break:clone;box-decoration-break:clone;padding-top:0px;padding-right:0px;padding-bottom:0px;padding-left:0px;}.wp-block-kadence-advancedheading.kt-adv-heading941_49d893-45 img.kb-inline-image, .wp-block-kadence-advancedheading.kt-adv-heading941_49d893-45[data-kb-block=\"kb-adv-heading941_49d893-45\"] img.kb-inline-image{width:150px;vertical-align:baseline;}<\/style>\n<h1 class=\"kt-adv-heading941_49d893-45 wp-block-kadence-advancedheading\" data-kb-block=\"kb-adv-heading941_49d893-45\">DICT\u00c1MENES RETIE O RETILAP<br>CERTIFICADO DE TRANSPORTE VERTICAL Y PUERTAS EL\u00c9CTRICAS<\/h1>\n<\/div><\/div>\n\n<\/div><\/div>\n\n<style>.kb-row-layout-id941_442101-89 > .kt-row-column-wrap{align-content:start;}:where(.kb-row-layout-id941_442101-89 > .kt-row-column-wrap) > .wp-block-kadence-column{justify-content:start;}.kb-row-layout-id941_442101-89 > .kt-row-column-wrap{column-gap:var(--global-kb-gap-md, 2rem);row-gap:var(--global-kb-gap-md, 2rem);max-width:820px;margin-left:auto;margin-right:auto;padding-top:70px;padding-bottom:70px;grid-template-columns:minmax(0, 1fr);}.kb-row-layout-id941_442101-89 > .kt-row-layout-overlay{opacity:0.30;}@media all and (max-width: 1024px){.kb-row-layout-id941_442101-89 > .kt-row-column-wrap{grid-template-columns:minmax(0, 1fr);}}@media all and (max-width: 767px){.kb-row-layout-id941_442101-89 > .kt-row-column-wrap{grid-template-columns:minmax(0, 1fr);}}<\/style><div class=\"kb-row-layout-wrap kb-row-layout-id941_442101-89 alignnone wp-block-kadence-rowlayout\"><div class=\"kt-row-column-wrap kt-has-1-columns kt-row-layout-equal kt-tab-layout-inherit kt-mobile-layout-row kt-row-valign-top\">\n<style>.kadence-column941_54f8b2-03 > .kt-inside-inner-col,.kadence-column941_54f8b2-03 > .kt-inside-inner-col:before{border-top-left-radius:0px;border-top-right-radius:0px;border-bottom-right-radius:0px;border-bottom-left-radius:0px;}.kadence-column941_54f8b2-03 > .kt-inside-inner-col{column-gap:var(--global-kb-gap-sm, 1rem);}.kadence-column941_54f8b2-03 > .kt-inside-inner-col{flex-direction:column;}.kadence-column941_54f8b2-03 > .kt-inside-inner-col > .aligncenter{width:100%;}.kadence-column941_54f8b2-03 > .kt-inside-inner-col:before{opacity:0.3;}.kadence-column941_54f8b2-03{position:relative;}@media all and (max-width: 1024px){.kadence-column941_54f8b2-03 > .kt-inside-inner-col{flex-direction:column;justify-content:center;}}@media all and (max-width: 767px){.kadence-column941_54f8b2-03 > .kt-inside-inner-col{flex-direction:column;justify-content:center;}}<\/style>\n<div class=\"wp-block-kadence-column kadence-column941_54f8b2-03 inner-column-1\"><div class=\"kt-inside-inner-col\">\n<div class=\"contenedor_pagina_certificado\">\n\nIngrese el n\u00famero de dictamen\/certificado, asignado por el organismo de inspecci\u00f3n para su descarga o visualizaci\u00f3n:\n<br>\n<br>\n<form onsubmit=\"location.href='https:\/\/asiksas.com\/certificado\/' + document.getElementById('myInput').value; return false;\">\n  <input type=\"text\" id=\"myInput\"> <input type=\"submit\" value=\"Buscar\">\n\n<\/form><\/div>\n<\/div><\/div>\n\n<\/div><\/div>","protected":false},"excerpt":{"rendered":"<p>DICT\u00c1MENES RETIE O RETILAPCERTIFICADO DE TRANSPORTE VERTICAL Y PUERTAS EL\u00c9CTRICAS Ingrese el n\u00famero de dictamen\/certificado, asignado por el organismo de inspecci\u00f3n para su descarga o visualizaci\u00f3n:<\/p>","protected":false},"author":1,"featured_media":0,"parent":0,"menu_order":0,"comment_status":"closed","ping_status":"closed","template":"","meta":{"_acf_changed":false,"_kad_blocks_custom_css":"","_kad_blocks_head_custom_js":"","_kad_blocks_body_custom_js":"","_kad_blocks_footer_custom_js":"","_kad_post_transparent":"","_kad_post_title":"hide","_kad_post_layout":"","_kad_post_sidebar_id":"","_kad_post_content_style":"","_kad_post_vertical_padding":"hide","_kad_post_feature":"","_kad_post_feature_position":"","_kad_post_header":false,"_kad_post_footer":false,"_kad_post_classname":"","footnotes":""},"class_list":["post-941","page","type-page","status-publish","hentry"],"acf":[],"taxonomy_info":[],"featured_image_src_large":false,"author_info":{"display_name":"ASIK SAS","author_link":"https:\/\/asiksas.com\/en\/author\/artecreativo\/"},"comment_info":0,"_links":{"self":[{"href":"https:\/\/asiksas.com\/en\/wp-json\/wp\/v2\/pages\/941","targetHints":{"allow":["GET"]}}],"collection":[{"href":"https:\/\/asiksas.com\/en\/wp-json\/wp\/v2\/pages"}],"about":[{"href":"https:\/\/asiksas.com\/en\/wp-json\/wp\/v2\/types\/page"}],"author":[{"embeddable":true,"href":"https:\/\/asiksas.com\/en\/wp-json\/wp\/v2\/users\/1"}],"replies":[{"embeddable":true,"href":"https:\/\/asiksas.com\/en\/wp-json\/wp\/v2\/comments?post=941"}],"version-history":[{"count":31,"href":"https:\/\/asiksas.com\/en\/wp-json\/wp\/v2\/pages\/941\/revisions"}],"predecessor-version":[{"id":127932,"href":"https:\/\/asiksas.com\/en\/wp-json\/wp\/v2\/pages\/941\/revisions\/127932"}],"wp:attachment":[{"href":"https:\/\/asiksas.com\/en\/wp-json\/wp\/v2\/media?parent=941"}],"curies":[{"name":"wp","href":"https:\/\/api.w.org\/{rel}","templated":true}]}}