{"id":16582,"date":"2018-03-29T08:13:33","date_gmt":"2018-03-29T13:13:33","guid":{"rendered":"https:\/\/asiksas.com\/?page_id=16582"},"modified":"2018-03-29T08:28:34","modified_gmt":"2018-03-29T13:28:34","slug":"contenido-no-encontrado","status":"publish","type":"page","link":"https:\/\/asiksas.com\/en\/contenido-no-encontrado\/","title":{"rendered":"P\u00e1gina 404"},"content":{"rendered":"<h3>Desafortunadamente no se encontr\u00f3 ninguna coincidencia.<\/h3>\n<hr \/>\n<p>Ingrese el n\u00famero de dict\u00e1men asignado (Dict\u00e1men No.) por el organismo de inspecci\u00f3n para descargar su certificado:<\/p>\n<form action=\"\"><input id=\"myInput\" type=\"text\" \/> <input type=\"submit\" \/><input type=\"hidden\" name=\"trp-form-language\" value=\"en\"\/><\/form>\n<p><span style=\"color: #ffffff;\"> .<\/span><br \/>\n<span style=\"color: #ffffff;\"> .<\/span><br \/>\n<span style=\"color: #ffffff;\"> .<\/span><\/p>","protected":false},"excerpt":{"rendered":"<p>Desafortunadamente no se encontr\u00f3 ninguna coincidencia. Ingrese el n\u00famero de dict\u00e1men asignado (Dict\u00e1men No.) por el organismo de inspecci\u00f3n para descargar su certificado: . . .<\/p>","protected":false},"author":1,"featured_media":0,"parent":0,"menu_order":0,"comment_status":"closed","ping_status":"closed","template":"","meta":{"_acf_changed":false,"_kad_blocks_custom_css":"","_kad_blocks_head_custom_js":"","_kad_blocks_body_custom_js":"","_kad_blocks_footer_custom_js":"","_kad_post_transparent":"","_kad_post_title":"","_kad_post_layout":"","_kad_post_sidebar_id":"","_kad_post_content_style":"","_kad_post_vertical_padding":"","_kad_post_feature":"","_kad_post_feature_position":"","_kad_post_header":false,"_kad_post_footer":false,"_kad_post_classname":"","footnotes":""},"class_list":["post-16582","page","type-page","status-publish","hentry"],"acf":[],"taxonomy_info":[],"featured_image_src_large":false,"author_info":{"display_name":"ASIK SAS","author_link":"https:\/\/asiksas.com\/en\/author\/artecreativo\/"},"comment_info":0,"_links":{"self":[{"href":"https:\/\/asiksas.com\/en\/wp-json\/wp\/v2\/pages\/16582","targetHints":{"allow":["GET"]}}],"collection":[{"href":"https:\/\/asiksas.com\/en\/wp-json\/wp\/v2\/pages"}],"about":[{"href":"https:\/\/asiksas.com\/en\/wp-json\/wp\/v2\/types\/page"}],"author":[{"embeddable":true,"href":"https:\/\/asiksas.com\/en\/wp-json\/wp\/v2\/users\/1"}],"replies":[{"embeddable":true,"href":"https:\/\/asiksas.com\/en\/wp-json\/wp\/v2\/comments?post=16582"}],"version-history":[{"count":0,"href":"https:\/\/asiksas.com\/en\/wp-json\/wp\/v2\/pages\/16582\/revisions"}],"wp:attachment":[{"href":"https:\/\/asiksas.com\/en\/wp-json\/wp\/v2\/media?parent=16582"}],"curies":[{"name":"wp","href":"https:\/\/api.w.org\/{rel}","templated":true}]}}