{"id":118010,"date":"2023-05-10T11:40:55","date_gmt":"2023-05-10T16:40:55","guid":{"rendered":"https:\/\/asiksas.com\/?page_id=118010"},"modified":"2025-05-29T13:39:25","modified_gmt":"2025-05-29T18:39:25","slug":"informes-bic","status":"publish","type":"page","link":"https:\/\/asiksas.com\/en\/informes-bic\/","title":{"rendered":"BIC reports"},"content":{"rendered":"<style>.kb-row-layout-id118010_84ca75-c0 > .kt-row-column-wrap{align-content:center;}:where(.kb-row-layout-id118010_84ca75-c0 > .kt-row-column-wrap) > .wp-block-kadence-column{justify-content:center;}.kb-row-layout-id118010_84ca75-c0 > .kt-row-column-wrap{column-gap:var(--global-kb-gap-md, 2rem);row-gap:var(--global-kb-gap-md, 2rem);max-width:var( --global-content-width, 1290px );padding-left:var(--global-content-edge-padding);padding-right:var(--global-content-edge-padding);padding-top:var(--global-kb-spacing-sm, 1.5rem);padding-bottom:var(--global-kb-spacing-sm, 1.5rem);min-height:400px;grid-template-columns:minmax(0, 1fr);}.kb-row-layout-id118010_84ca75-c0{background-image:url('http:\/\/asiksas.com\/wp-content\/uploads\/hero-img-informes-bic.jpeg');background-size:cover;background-position:center center;background-attachment:scroll;background-repeat:no-repeat;}.kb-row-layout-id118010_84ca75-c0 > .kt-row-layout-overlay{opacity:0.65;background-color:var(--global-palette2, #2B6CB0);}@media all and (max-width: 1024px){.kb-row-layout-id118010_84ca75-c0 > .kt-row-column-wrap{grid-template-columns:minmax(0, 1fr);}}@media all and (max-width: 767px){.kb-row-layout-id118010_84ca75-c0 > .kt-row-column-wrap{grid-template-columns:minmax(0, 1fr);}}<\/style><div class=\"kb-row-layout-wrap kb-row-layout-id118010_84ca75-c0 alignfull kt-row-has-bg wp-block-kadence-rowlayout\"><div class=\"kt-row-layout-overlay kt-row-overlay-normal\"><\/div><div class=\"kt-row-column-wrap kt-has-1-columns kt-row-layout-equal kt-tab-layout-inherit kt-mobile-layout-row kt-row-valign-middle kb-theme-content-width\">\n<style>.kadence-column118010_978a09-e4 > .kt-inside-inner-col,.kadence-column118010_978a09-e4 > .kt-inside-inner-col:before{border-top-left-radius:0px;border-top-right-radius:0px;border-bottom-right-radius:0px;border-bottom-left-radius:0px;}.kadence-column118010_978a09-e4 > .kt-inside-inner-col{column-gap:var(--global-kb-gap-sm, 1rem);}.kadence-column118010_978a09-e4 > .kt-inside-inner-col{flex-direction:column;}.kadence-column118010_978a09-e4 > .kt-inside-inner-col > .aligncenter{width:100%;}.kadence-column118010_978a09-e4 > .kt-inside-inner-col:before{opacity:0.3;}.kadence-column118010_978a09-e4{position:relative;}@media all and (max-width: 1024px){.kadence-column118010_978a09-e4 > .kt-inside-inner-col{flex-direction:column;justify-content:center;}}@media all and (max-width: 767px){.kadence-column118010_978a09-e4 > .kt-inside-inner-col{flex-direction:column;justify-content:center;}}<\/style>\n<div class=\"wp-block-kadence-column kadence-column118010_978a09-e4\"><div class=\"kt-inside-inner-col\"><style>.wp-block-kadence-advancedheading.kt-adv-heading118010_622ee8-80, .wp-block-kadence-advancedheading.kt-adv-heading118010_622ee8-80[data-kb-block=\"kb-adv-heading118010_622ee8-80\"]{text-align:center;font-size:var(--global-kb-font-size-xl, 3rem);font-style:normal;}.wp-block-kadence-advancedheading.kt-adv-heading118010_622ee8-80 mark.kt-highlight, .wp-block-kadence-advancedheading.kt-adv-heading118010_622ee8-80[data-kb-block=\"kb-adv-heading118010_622ee8-80\"] mark.kt-highlight{font-style:normal;color:#f76a0c;-webkit-box-decoration-break:clone;box-decoration-break:clone;padding-top:0px;padding-right:0px;padding-bottom:0px;padding-left:0px;}.wp-block-kadence-advancedheading.kt-adv-heading118010_622ee8-80 img.kb-inline-image, .wp-block-kadence-advancedheading.kt-adv-heading118010_622ee8-80[data-kb-block=\"kb-adv-heading118010_622ee8-80\"] img.kb-inline-image{width:150px;vertical-align:baseline;}<\/style>\n<h1 class=\"kt-adv-heading118010_622ee8-80 wp-block-kadence-advancedheading has-theme-palette-9-color has-text-color\" data-kb-block=\"kb-adv-heading118010_622ee8-80\">Informe de Gesti\u00f3n BIC<\/h1>\n<\/div><\/div>\n\n<\/div><\/div>\n\n<style>.kb-row-layout-id118010_0f0cbb-5d > .kt-row-column-wrap{align-content:start;}:where(.kb-row-layout-id118010_0f0cbb-5d > .kt-row-column-wrap) > .wp-block-kadence-column{justify-content:start;}.kb-row-layout-id118010_0f0cbb-5d > .kt-row-column-wrap{column-gap:var(--global-kb-gap-md, 2rem);row-gap:var(--global-kb-gap-md, 2rem);max-width:900px;margin-left:auto;margin-right:auto;padding-top:var(--global-kb-spacing-xxl, 5rem);padding-bottom:var(--global-kb-spacing-4xl, 8rem);grid-template-columns:minmax(0, 1fr);}.kb-row-layout-id118010_0f0cbb-5d > .kt-row-layout-overlay{opacity:0.30;}@media all and (max-width: 1024px){.kb-row-layout-id118010_0f0cbb-5d > .kt-row-column-wrap{grid-template-columns:minmax(0, 1fr);}}@media all and (max-width: 767px){.kb-row-layout-id118010_0f0cbb-5d > .kt-row-column-wrap{grid-template-columns:minmax(0, 1fr);}}<\/style><div class=\"kb-row-layout-wrap kb-row-layout-id118010_0f0cbb-5d alignfull wp-block-kadence-rowlayout\"><div class=\"kt-row-column-wrap kt-has-1-columns kt-row-layout-equal kt-tab-layout-inherit kt-mobile-layout-row kt-row-valign-top\">\n<style>.kadence-column118010_5a0720-61 > .kt-inside-inner-col,.kadence-column118010_5a0720-61 > .kt-inside-inner-col:before{border-top-left-radius:0px;border-top-right-radius:0px;border-bottom-right-radius:0px;border-bottom-left-radius:0px;}.kadence-column118010_5a0720-61 > .kt-inside-inner-col{column-gap:var(--global-kb-gap-sm, 1rem);}.kadence-column118010_5a0720-61 > .kt-inside-inner-col{flex-direction:column;}.kadence-column118010_5a0720-61 > .kt-inside-inner-col > .aligncenter{width:100%;}.kadence-column118010_5a0720-61 > .kt-inside-inner-col:before{opacity:0.3;}.kadence-column118010_5a0720-61{position:relative;}@media all and (max-width: 1024px){.kadence-column118010_5a0720-61 > .kt-inside-inner-col{flex-direction:column;justify-content:center;}}@media all and (max-width: 767px){.kadence-column118010_5a0720-61 > .kt-inside-inner-col{flex-direction:column;justify-content:center;}}<\/style>\n<div class=\"wp-block-kadence-column kadence-column118010_5a0720-61\"><div class=\"kt-inside-inner-col\"><style>.wp-block-kadence-advancedheading.kt-adv-heading118010_2ff118-35, .wp-block-kadence-advancedheading.kt-adv-heading118010_2ff118-35[data-kb-block=\"kb-adv-heading118010_2ff118-35\"]{margin-bottom:var(--global-kb-spacing-xxs, 0.5rem);font-style:normal;}.wp-block-kadence-advancedheading.kt-adv-heading118010_2ff118-35 mark.kt-highlight, .wp-block-kadence-advancedheading.kt-adv-heading118010_2ff118-35[data-kb-block=\"kb-adv-heading118010_2ff118-35\"] mark.kt-highlight{font-style:normal;color:#f76a0c;-webkit-box-decoration-break:clone;box-decoration-break:clone;padding-top:0px;padding-right:0px;padding-bottom:0px;padding-left:0px;}.wp-block-kadence-advancedheading.kt-adv-heading118010_2ff118-35 img.kb-inline-image, .wp-block-kadence-advancedheading.kt-adv-heading118010_2ff118-35[data-kb-block=\"kb-adv-heading118010_2ff118-35\"] img.kb-inline-image{width:150px;vertical-align:baseline;}<\/style>\n<h2 class=\"kt-adv-heading118010_2ff118-35 wp-block-kadence-advancedheading\" data-kb-block=\"kb-adv-heading118010_2ff118-35\">\u00bfQu\u00e9 es BIC?<\/h2>\n\n\n<style>.wp-block-kadence-advancedheading.kt-adv-heading118010_0aefbc-c4, .wp-block-kadence-advancedheading.kt-adv-heading118010_0aefbc-c4[data-kb-block=\"kb-adv-heading118010_0aefbc-c4\"]{font-style:normal;}.wp-block-kadence-advancedheading.kt-adv-heading118010_0aefbc-c4 mark.kt-highlight, .wp-block-kadence-advancedheading.kt-adv-heading118010_0aefbc-c4[data-kb-block=\"kb-adv-heading118010_0aefbc-c4\"] mark.kt-highlight{font-style:normal;color:#f76a0c;-webkit-box-decoration-break:clone;box-decoration-break:clone;padding-top:0px;padding-right:0px;padding-bottom:0px;padding-left:0px;}.wp-block-kadence-advancedheading.kt-adv-heading118010_0aefbc-c4 img.kb-inline-image, .wp-block-kadence-advancedheading.kt-adv-heading118010_0aefbc-c4[data-kb-block=\"kb-adv-heading118010_0aefbc-c4\"] img.kb-inline-image{width:150px;vertical-align:baseline;}<\/style>\n<p class=\"kt-adv-heading118010_0aefbc-c4 wp-block-kadence-advancedheading\" data-kb-block=\"kb-adv-heading118010_0aefbc-c4\">Las Sociedades Comerciales de Beneficio e Inter\u00e9s Colectivo, o Sociedades BIC, son aquellas empresas colombianas configuradas como sociedades de naturaleza comercial, que voluntariamente se proponen combinar las ventajas de su actividad comercial y econ\u00f3mica con acciones concretas para propender por el bienestar de sus trabajadores, aportar a la equidad social del pa\u00eds y contribuir a la protecci\u00f3n del medio ambiente.<\/p>\n\n\n\n<p><\/p>\n\n\n<style>.wp-block-kadence-advancedheading.kt-adv-heading118010_08af3c-68, .wp-block-kadence-advancedheading.kt-adv-heading118010_08af3c-68[data-kb-block=\"kb-adv-heading118010_08af3c-68\"]{padding-bottom:var(--global-kb-spacing-xxs, 0.5rem);font-style:normal;}.wp-block-kadence-advancedheading.kt-adv-heading118010_08af3c-68 mark.kt-highlight, .wp-block-kadence-advancedheading.kt-adv-heading118010_08af3c-68[data-kb-block=\"kb-adv-heading118010_08af3c-68\"] mark.kt-highlight{font-style:normal;color:#f76a0c;-webkit-box-decoration-break:clone;box-decoration-break:clone;padding-top:0px;padding-right:0px;padding-bottom:0px;padding-left:0px;}.wp-block-kadence-advancedheading.kt-adv-heading118010_08af3c-68 img.kb-inline-image, .wp-block-kadence-advancedheading.kt-adv-heading118010_08af3c-68[data-kb-block=\"kb-adv-heading118010_08af3c-68\"] img.kb-inline-image{width:150px;vertical-align:baseline;}<\/style>\n<h5 class=\"kt-adv-heading118010_08af3c-68 wp-block-kadence-advancedheading\" data-kb-block=\"kb-adv-heading118010_08af3c-68\">INFORMES DE GESTI\u00d3N BIC<\/h5>\n\n\n<style>.wp-block-kadence-advancedbtn.kb-btns118010_2e0ad2-40{gap:var(--global-kb-gap-xs, 0.5rem );justify-content:flex-start;align-items:center;}.kt-btns118010_2e0ad2-40 .kt-button{font-weight:normal;font-style:normal;}.kt-btns118010_2e0ad2-40 .kt-btn-wrap-0{margin-right:5px;}.wp-block-kadence-advancedbtn.kt-btns118010_2e0ad2-40 .kt-btn-wrap-0 .kt-button{color:#555555;border-color:#555555;}.wp-block-kadence-advancedbtn.kt-btns118010_2e0ad2-40 .kt-btn-wrap-0 .kt-button:hover, .wp-block-kadence-advancedbtn.kt-btns118010_2e0ad2-40 .kt-btn-wrap-0 .kt-button:focus{color:#ffffff;border-color:#444444;}.wp-block-kadence-advancedbtn.kt-btns118010_2e0ad2-40 .kt-btn-wrap-0 .kt-button::before{display:none;}.wp-block-kadence-advancedbtn.kt-btns118010_2e0ad2-40 .kt-btn-wrap-0 .kt-button:hover, .wp-block-kadence-advancedbtn.kt-btns118010_2e0ad2-40 .kt-btn-wrap-0 .kt-button:focus{background:#444444;}<\/style>\n<div class=\"wp-block-kadence-advancedbtn kb-buttons-wrap kb-btns118010_2e0ad2-40\"><style>ul.menu .wp-block-kadence-advancedbtn .kb-btn118010_abbe19-83.kb-button{width:initial;}.wp-block-kadence-advancedbtn .kb-btn118010_abbe19-83.kb-button{color:var(--global-palette2, #2B6CB0);border-top-left-radius:8px;border-top-right-radius:8px;border-bottom-right-radius:8px;border-bottom-left-radius:8px;border-top:2px solid var(--global-palette2, #2B6CB0);border-right:2px solid var(--global-palette2, #2B6CB0);border-bottom:2px solid var(--global-palette2, #2B6CB0);border-left:2px solid var(--global-palette2, #2B6CB0);}.wp-block-kadence-advancedbtn .kb-btn118010_abbe19-83.kb-button:hover, .wp-block-kadence-advancedbtn .kb-btn118010_abbe19-83.kb-button:focus{color:var(--global-palette9, #ffffff);background:var(--global-palette2, #2B6CB0);border-top:2px solid var(--global-palette2, #2B6CB0);border-right:2px solid var(--global-palette2, #2B6CB0);border-bottom:2px solid var(--global-palette2, #2B6CB0);border-left:2px solid var(--global-palette2, #2B6CB0);}@media all and (max-width: 1024px){.wp-block-kadence-advancedbtn .kb-btn118010_abbe19-83.kb-button{border-top:2px solid var(--global-palette2, #2B6CB0);border-right:2px solid var(--global-palette2, #2B6CB0);border-bottom:2px solid var(--global-palette2, #2B6CB0);border-left:2px solid var(--global-palette2, #2B6CB0);}}@media all and (max-width: 1024px){.wp-block-kadence-advancedbtn .kb-btn118010_abbe19-83.kb-button:hover, .wp-block-kadence-advancedbtn .kb-btn118010_abbe19-83.kb-button:focus{border-top:2px solid var(--global-palette2, #2B6CB0);border-right:2px solid var(--global-palette2, #2B6CB0);border-bottom:2px solid var(--global-palette2, #2B6CB0);border-left:2px solid var(--global-palette2, #2B6CB0);}}@media all and (max-width: 767px){.wp-block-kadence-advancedbtn .kb-btn118010_abbe19-83.kb-button{border-top:2px solid var(--global-palette2, #2B6CB0);border-right:2px solid var(--global-palette2, #2B6CB0);border-bottom:2px solid var(--global-palette2, #2B6CB0);border-left:2px solid var(--global-palette2, #2B6CB0);}.wp-block-kadence-advancedbtn .kb-btn118010_abbe19-83.kb-button:hover, .wp-block-kadence-advancedbtn .kb-btn118010_abbe19-83.kb-button:focus{border-top:2px solid var(--global-palette2, #2B6CB0);border-right:2px solid var(--global-palette2, #2B6CB0);border-bottom:2px solid var(--global-palette2, #2B6CB0);border-left:2px solid var(--global-palette2, #2B6CB0);}}<\/style><a class=\"kb-button kt-button button kb-btn118010_abbe19-83 kt-btn-size-standard kt-btn-width-type-auto kb-btn-global-outline  kt-btn-has-text-true kt-btn-has-svg-false  wp-block-kadence-singlebtn\" href=\"http:\/\/asiksas.com\/wp-content\/uploads\/Informe-de-gestion-BIC-ASIK-SAS-BIC-2022.pdf\" target=\"_blank\" rel=\"noreferrer noopener\"><span class=\"kt-btn-inner-text\">Ver informe 2022<\/span><\/a>\n\n<style>ul.menu .wp-block-kadence-advancedbtn .kb-btn118010_a8d7f4-c1.kb-button{width:initial;}.wp-block-kadence-advancedbtn .kb-btn118010_a8d7f4-c1.kb-button{color:var(--global-palette2, #2B6CB0);border-top-left-radius:8px;border-top-right-radius:8px;border-bottom-right-radius:8px;border-bottom-left-radius:8px;border-top:2px solid var(--global-palette2, #2B6CB0);border-right:2px solid var(--global-palette2, #2B6CB0);border-bottom:2px solid var(--global-palette2, #2B6CB0);border-left:2px solid var(--global-palette2, #2B6CB0);}.wp-block-kadence-advancedbtn .kb-btn118010_a8d7f4-c1.kb-button:hover, .wp-block-kadence-advancedbtn .kb-btn118010_a8d7f4-c1.kb-button:focus{color:var(--global-palette9, #ffffff);background:var(--global-palette2, #2B6CB0);border-top:2px solid var(--global-palette2, #2B6CB0);border-right:2px solid var(--global-palette2, #2B6CB0);border-bottom:2px solid var(--global-palette2, #2B6CB0);border-left:2px solid var(--global-palette2, #2B6CB0);}@media all and (max-width: 1024px){.wp-block-kadence-advancedbtn .kb-btn118010_a8d7f4-c1.kb-button{border-top:2px solid var(--global-palette2, #2B6CB0);border-right:2px solid var(--global-palette2, #2B6CB0);border-bottom:2px solid var(--global-palette2, #2B6CB0);border-left:2px solid var(--global-palette2, #2B6CB0);}}@media all and (max-width: 1024px){.wp-block-kadence-advancedbtn .kb-btn118010_a8d7f4-c1.kb-button:hover, .wp-block-kadence-advancedbtn .kb-btn118010_a8d7f4-c1.kb-button:focus{border-top:2px solid var(--global-palette2, #2B6CB0);border-right:2px solid var(--global-palette2, #2B6CB0);border-bottom:2px solid var(--global-palette2, #2B6CB0);border-left:2px solid var(--global-palette2, #2B6CB0);}}@media all and (max-width: 767px){.wp-block-kadence-advancedbtn .kb-btn118010_a8d7f4-c1.kb-button{border-top:2px solid var(--global-palette2, #2B6CB0);border-right:2px solid var(--global-palette2, #2B6CB0);border-bottom:2px solid var(--global-palette2, #2B6CB0);border-left:2px solid var(--global-palette2, #2B6CB0);}.wp-block-kadence-advancedbtn .kb-btn118010_a8d7f4-c1.kb-button:hover, .wp-block-kadence-advancedbtn .kb-btn118010_a8d7f4-c1.kb-button:focus{border-top:2px solid var(--global-palette2, #2B6CB0);border-right:2px solid var(--global-palette2, #2B6CB0);border-bottom:2px solid var(--global-palette2, #2B6CB0);border-left:2px solid var(--global-palette2, #2B6CB0);}}<\/style><a class=\"kb-button kt-button button kb-btn118010_a8d7f4-c1 kt-btn-size-standard kt-btn-width-type-auto kb-btn-global-outline  kt-btn-has-text-true kt-btn-has-svg-false  wp-block-kadence-singlebtn\" href=\"http:\/\/asiksas.com\/wp-content\/uploads\/Informe-Gestion-BIC-2023.pdf\" target=\"_blank\" rel=\"noreferrer noopener\"><span class=\"kt-btn-inner-text\">Ver informe 2023<\/span><\/a>\n\n<style>ul.menu .wp-block-kadence-advancedbtn .kb-btn118010_91d599-fe.kb-button{width:initial;}.wp-block-kadence-advancedbtn .kb-btn118010_91d599-fe.kb-button{color:var(--global-palette2, #2B6CB0);border-top-left-radius:8px;border-top-right-radius:8px;border-bottom-right-radius:8px;border-bottom-left-radius:8px;border-top:2px solid var(--global-palette2, #2B6CB0);border-right:2px solid var(--global-palette2, #2B6CB0);border-bottom:2px solid var(--global-palette2, #2B6CB0);border-left:2px solid var(--global-palette2, #2B6CB0);}.wp-block-kadence-advancedbtn .kb-btn118010_91d599-fe.kb-button:hover, .wp-block-kadence-advancedbtn .kb-btn118010_91d599-fe.kb-button:focus{color:var(--global-palette9, #ffffff);background:var(--global-palette2, #2B6CB0);border-top:2px solid var(--global-palette2, #2B6CB0);border-right:2px solid var(--global-palette2, #2B6CB0);border-bottom:2px solid var(--global-palette2, #2B6CB0);border-left:2px solid var(--global-palette2, #2B6CB0);}@media all and (max-width: 1024px){.wp-block-kadence-advancedbtn .kb-btn118010_91d599-fe.kb-button{border-top:2px solid var(--global-palette2, #2B6CB0);border-right:2px solid var(--global-palette2, #2B6CB0);border-bottom:2px solid var(--global-palette2, #2B6CB0);border-left:2px solid var(--global-palette2, #2B6CB0);}}@media all and (max-width: 1024px){.wp-block-kadence-advancedbtn .kb-btn118010_91d599-fe.kb-button:hover, .wp-block-kadence-advancedbtn .kb-btn118010_91d599-fe.kb-button:focus{border-top:2px solid var(--global-palette2, #2B6CB0);border-right:2px solid var(--global-palette2, #2B6CB0);border-bottom:2px solid var(--global-palette2, #2B6CB0);border-left:2px solid var(--global-palette2, #2B6CB0);}}@media all and (max-width: 767px){.wp-block-kadence-advancedbtn .kb-btn118010_91d599-fe.kb-button{border-top:2px solid var(--global-palette2, #2B6CB0);border-right:2px solid var(--global-palette2, #2B6CB0);border-bottom:2px solid var(--global-palette2, #2B6CB0);border-left:2px solid var(--global-palette2, #2B6CB0);}.wp-block-kadence-advancedbtn .kb-btn118010_91d599-fe.kb-button:hover, .wp-block-kadence-advancedbtn .kb-btn118010_91d599-fe.kb-button:focus{border-top:2px solid var(--global-palette2, #2B6CB0);border-right:2px solid var(--global-palette2, #2B6CB0);border-bottom:2px solid var(--global-palette2, #2B6CB0);border-left:2px solid var(--global-palette2, #2B6CB0);}}<\/style><a class=\"kb-button kt-button button kb-btn118010_91d599-fe kt-btn-size-standard kt-btn-width-type-auto kb-btn-global-outline  kt-btn-has-text-true kt-btn-has-svg-false  wp-block-kadence-singlebtn\" href=\"http:\/\/asiksas.com\/wp-content\/uploads\/Asik-sas-Informe-BIC-2024.pdf\" target=\"_blank\" rel=\"noreferrer noopener\"><span class=\"kt-btn-inner-text\">Ver informe 2024<\/span><\/a><\/div>\n<\/div><\/div>\n\n<\/div><\/div>","protected":false},"excerpt":{"rendered":"<p>Informe de Gesti\u00f3n BIC \u00bfQu\u00e9 es BIC? Las Sociedades Comerciales de Beneficio e Inter\u00e9s Colectivo, o Sociedades BIC, son aquellas empresas colombianas configuradas como sociedades de naturaleza comercial, que voluntariamente se proponen combinar las ventajas de su actividad comercial y econ\u00f3mica con acciones concretas para propender por el bienestar de sus trabajadores, aportar a la&#8230;<\/p>","protected":false},"author":1,"featured_media":0,"parent":0,"menu_order":0,"comment_status":"closed","ping_status":"closed","template":"","meta":{"_acf_changed":false,"_kad_blocks_custom_css":"","_kad_blocks_head_custom_js":"","_kad_blocks_body_custom_js":"","_kad_blocks_footer_custom_js":"","_kad_post_transparent":"","_kad_post_title":"","_kad_post_layout":"","_kad_post_sidebar_id":"","_kad_post_content_style":"","_kad_post_vertical_padding":"","_kad_post_feature":"","_kad_post_feature_position":"","_kad_post_header":false,"_kad_post_footer":false,"_kad_post_classname":"","footnotes":""},"class_list":["post-118010","page","type-page","status-publish","hentry"],"acf":[],"taxonomy_info":[],"featured_image_src_large":false,"author_info":{"display_name":"ASIK SAS","author_link":"https:\/\/asiksas.com\/en\/author\/artecreativo\/"},"comment_info":0,"_links":{"self":[{"href":"https:\/\/asiksas.com\/en\/wp-json\/wp\/v2\/pages\/118010","targetHints":{"allow":["GET"]}}],"collection":[{"href":"https:\/\/asiksas.com\/en\/wp-json\/wp\/v2\/pages"}],"about":[{"href":"https:\/\/asiksas.com\/en\/wp-json\/wp\/v2\/types\/page"}],"author":[{"embeddable":true,"href":"https:\/\/asiksas.com\/en\/wp-json\/wp\/v2\/users\/1"}],"replies":[{"embeddable":true,"href":"https:\/\/asiksas.com\/en\/wp-json\/wp\/v2\/comments?post=118010"}],"version-history":[{"count":17,"href":"https:\/\/asiksas.com\/en\/wp-json\/wp\/v2\/pages\/118010\/revisions"}],"predecessor-version":[{"id":127922,"href":"https:\/\/asiksas.com\/en\/wp-json\/wp\/v2\/pages\/118010\/revisions\/127922"}],"wp:attachment":[{"href":"https:\/\/asiksas.com\/en\/wp-json\/wp\/v2\/media?parent=118010"}],"curies":[{"name":"wp","href":"https:\/\/api.w.org\/{rel}","templated":true}]}}